{"id":12161,"date":"2021-11-11T14:41:37","date_gmt":"2021-11-11T14:41:37","guid":{"rendered":"https:\/\/wpdigital.ro\/brutarie\/product\/faina-de-soia-1kg-2\/"},"modified":"2021-11-11T14:41:37","modified_gmt":"2021-11-11T14:41:37","slug":"faina-de-soia-1kg-2","status":"publish","type":"product","link":"https:\/\/wpdigital.ro\/brutarie\/product\/faina-de-soia-1kg-2\/","title":{"rendered":"Faina de soia 1kg"},"content":{"rendered":"<p>&nbsp; F\u0103in\u0103 din soia degresat\u0103, m\u0103cinat\u0103 la o granula\u0163ie similar\u0103 f\u0103inii de gr\u00e2u. Poate fi folosit\u0103 \u00een propor\u021bie de p\u00e2n\u0103 la 30% \u00een aluatul de pizza sau de p\u00e2ine, \u00een paste f\u0103inoase, pr\u0103jituri, sosuri etc. Aluatul astfel ob\u021binut este mult mai bogat&#8230;<\/p>\n","protected":false},"excerpt":{"rendered":"<p>&nbsp; F\u0103in\u0103 din soia degresat\u0103, m\u0103cinat\u0103 la o granula\u0163ie similar\u0103 f\u0103inii de gr\u00e2u. Poate fi folosit\u0103 \u00een propor\u021bie de p\u00e2n\u0103<\/p>\n","protected":false},"featured_media":11900,"comment_status":"closed","ping_status":"open","template":"","meta":[],"product_cat":[88],"product_tag":[],"_links":{"self":[{"href":"https:\/\/wpdigital.ro\/brutarie\/wp-json\/wp\/v2\/product\/12161"}],"collection":[{"href":"https:\/\/wpdigital.ro\/brutarie\/wp-json\/wp\/v2\/product"}],"about":[{"href":"https:\/\/wpdigital.ro\/brutarie\/wp-json\/wp\/v2\/types\/product"}],"replies":[{"embeddable":true,"href":"https:\/\/wpdigital.ro\/brutarie\/wp-json\/wp\/v2\/comments?post=12161"}],"wp:featuredmedia":[{"embeddable":true,"href":"https:\/\/wpdigital.ro\/brutarie\/wp-json\/wp\/v2\/media\/11900"}],"wp:attachment":[{"href":"https:\/\/wpdigital.ro\/brutarie\/wp-json\/wp\/v2\/media?parent=12161"}],"wp:term":[{"taxonomy":"product_cat","embeddable":true,"href":"https:\/\/wpdigital.ro\/brutarie\/wp-json\/wp\/v2\/product_cat?post=12161"},{"taxonomy":"product_tag","embeddable":true,"href":"https:\/\/wpdigital.ro\/brutarie\/wp-json\/wp\/v2\/product_tag?post=12161"}],"curies":[{"name":"wp","href":"https:\/\/api.w.org\/{rel}","templated":true}]}}