{"id":12149,"date":"2021-11-11T14:41:31","date_gmt":"2021-11-11T14:41:31","guid":{"rendered":"https:\/\/wpdigital.ro\/brutarie\/product\/curcuma-pudra-500-grame-2\/"},"modified":"2021-11-11T14:41:33","modified_gmt":"2021-11-11T14:41:33","slug":"curcuma-pudra-500-grame-2","status":"publish","type":"product","link":"https:\/\/wpdigital.ro\/brutarie\/product\/curcuma-pudra-500-grame-2\/","title":{"rendered":"Curcuma pudra 500 grame"},"content":{"rendered":"<p>&nbsp; Curcuma pudra, 500 g Curcuma este o plant\u0103 originar\u0103 din Asia de Sud-Est. R\u0103d\u0103cina sub form\u0103 de rizon este uscat\u0103 \u0219i m\u0103cinat\u0103, pulberea astfel ob\u021binut\u0103 fiind un ingrediente alimentar folosit \u00eenc\u0103 din antichitate. Pudra de curcuma se&#8230;<\/p>\n","protected":false},"excerpt":{"rendered":"<p>&nbsp; Curcuma pudra, 500 g Curcuma este o plant\u0103 originar\u0103 din Asia de Sud-Est. R\u0103d\u0103cina sub form\u0103 de rizon este<\/p>\n","protected":false},"featured_media":11876,"comment_status":"closed","ping_status":"open","template":"","meta":[],"product_cat":[87],"product_tag":[],"_links":{"self":[{"href":"https:\/\/wpdigital.ro\/brutarie\/wp-json\/wp\/v2\/product\/12149"}],"collection":[{"href":"https:\/\/wpdigital.ro\/brutarie\/wp-json\/wp\/v2\/product"}],"about":[{"href":"https:\/\/wpdigital.ro\/brutarie\/wp-json\/wp\/v2\/types\/product"}],"replies":[{"embeddable":true,"href":"https:\/\/wpdigital.ro\/brutarie\/wp-json\/wp\/v2\/comments?post=12149"}],"wp:featuredmedia":[{"embeddable":true,"href":"https:\/\/wpdigital.ro\/brutarie\/wp-json\/wp\/v2\/media\/11876"}],"wp:attachment":[{"href":"https:\/\/wpdigital.ro\/brutarie\/wp-json\/wp\/v2\/media?parent=12149"}],"wp:term":[{"taxonomy":"product_cat","embeddable":true,"href":"https:\/\/wpdigital.ro\/brutarie\/wp-json\/wp\/v2\/product_cat?post=12149"},{"taxonomy":"product_tag","embeddable":true,"href":"https:\/\/wpdigital.ro\/brutarie\/wp-json\/wp\/v2\/product_tag?post=12149"}],"curies":[{"name":"wp","href":"https:\/\/api.w.org\/{rel}","templated":true}]}}