{"id":12134,"date":"2021-11-11T14:41:26","date_gmt":"2021-11-11T14:41:26","guid":{"rendered":"https:\/\/wpdigital.ro\/brutarie\/product\/pantothenic-acid-550mg-50-capsule-vegetale-2\/"},"modified":"2021-11-11T14:41:29","modified_gmt":"2021-11-11T14:41:29","slug":"pantothenic-acid-550mg-50-capsule-vegetale-2","status":"publish","type":"product","link":"https:\/\/wpdigital.ro\/brutarie\/product\/pantothenic-acid-550mg-50-capsule-vegetale-2\/","title":{"rendered":"Pantothenic acid 550mg 50 capsule vegetale"},"content":{"rendered":"<p>&nbsp; Pantothenic acid 550mg 50 capsule vegetale       Acidul pantotenic este necesar pentru func\u021bionarea normal\u0103 a glandei suprarenale, este implicat \u00een formarea anumitor hormoni \u0219i substan\u021be ce ac\u021bioneaz\u0103 \u00een reglarea nervoas\u0103.  Este de asemenea&#8230;<\/p>\n","protected":false},"excerpt":{"rendered":"<p>&nbsp; Pantothenic acid 550mg 50 capsule vegetale Acidul pantotenic este necesar pentru func\u021bionarea normal\u0103 a glandei suprarenale, este implicat \u00een<\/p>\n","protected":false},"featured_media":11846,"comment_status":"closed","ping_status":"open","template":"","meta":[],"product_cat":[81],"product_tag":[],"_links":{"self":[{"href":"https:\/\/wpdigital.ro\/brutarie\/wp-json\/wp\/v2\/product\/12134"}],"collection":[{"href":"https:\/\/wpdigital.ro\/brutarie\/wp-json\/wp\/v2\/product"}],"about":[{"href":"https:\/\/wpdigital.ro\/brutarie\/wp-json\/wp\/v2\/types\/product"}],"replies":[{"embeddable":true,"href":"https:\/\/wpdigital.ro\/brutarie\/wp-json\/wp\/v2\/comments?post=12134"}],"wp:featuredmedia":[{"embeddable":true,"href":"https:\/\/wpdigital.ro\/brutarie\/wp-json\/wp\/v2\/media\/11846"}],"wp:attachment":[{"href":"https:\/\/wpdigital.ro\/brutarie\/wp-json\/wp\/v2\/media?parent=12134"}],"wp:term":[{"taxonomy":"product_cat","embeddable":true,"href":"https:\/\/wpdigital.ro\/brutarie\/wp-json\/wp\/v2\/product_cat?post=12134"},{"taxonomy":"product_tag","embeddable":true,"href":"https:\/\/wpdigital.ro\/brutarie\/wp-json\/wp\/v2\/product_tag?post=12134"}],"curies":[{"name":"wp","href":"https:\/\/api.w.org\/{rel}","templated":true}]}}