{"id":12125,"date":"2021-11-11T14:41:26","date_gmt":"2021-11-11T14:41:26","guid":{"rendered":"https:\/\/wpdigital.ro\/brutarie\/product\/ulei-masline-presat-la-rece-500-ml-2\/"},"modified":"2021-11-11T14:41:27","modified_gmt":"2021-11-11T14:41:27","slug":"ulei-masline-presat-la-rece-500-ml-2","status":"publish","type":"product","link":"https:\/\/wpdigital.ro\/brutarie\/product\/ulei-masline-presat-la-rece-500-ml-2\/","title":{"rendered":"Ulei Masline Presat la Rece 500 ml"},"content":{"rendered":"<p>&nbsp;  Uleiul de M\u0102SLINE (Olea europaea)  M\u0103slinul sau cum mai este denumit \u201earborele ve\u015fnic roditor\u201d, datorit\u0103 longevit\u0103\u0163ii \u015fi a capacit\u0103\u0163ii lui de regenerare, este un arbore cu frunze verzi tot timpul anului \u015fi cu fructe \u00een form\u0103 oval\u0103, de&#8230;<\/p>\n","protected":false},"excerpt":{"rendered":"<p>&nbsp; Uleiul de M\u0102SLINE (Olea europaea) M\u0103slinul sau cum mai este denumit \u201earborele ve\u015fnic roditor\u201d, datorit\u0103 longevit\u0103\u0163ii \u015fi a capacit\u0103\u0163ii<\/p>\n","protected":false},"featured_media":11828,"comment_status":"closed","ping_status":"open","template":"","meta":[],"product_cat":[102],"product_tag":[],"_links":{"self":[{"href":"https:\/\/wpdigital.ro\/brutarie\/wp-json\/wp\/v2\/product\/12125"}],"collection":[{"href":"https:\/\/wpdigital.ro\/brutarie\/wp-json\/wp\/v2\/product"}],"about":[{"href":"https:\/\/wpdigital.ro\/brutarie\/wp-json\/wp\/v2\/types\/product"}],"replies":[{"embeddable":true,"href":"https:\/\/wpdigital.ro\/brutarie\/wp-json\/wp\/v2\/comments?post=12125"}],"wp:featuredmedia":[{"embeddable":true,"href":"https:\/\/wpdigital.ro\/brutarie\/wp-json\/wp\/v2\/media\/11828"}],"wp:attachment":[{"href":"https:\/\/wpdigital.ro\/brutarie\/wp-json\/wp\/v2\/media?parent=12125"}],"wp:term":[{"taxonomy":"product_cat","embeddable":true,"href":"https:\/\/wpdigital.ro\/brutarie\/wp-json\/wp\/v2\/product_cat?post=12125"},{"taxonomy":"product_tag","embeddable":true,"href":"https:\/\/wpdigital.ro\/brutarie\/wp-json\/wp\/v2\/product_tag?post=12125"}],"curies":[{"name":"wp","href":"https:\/\/api.w.org\/{rel}","templated":true}]}}