{"id":12105,"date":"2021-11-11T14:41:20","date_gmt":"2021-11-11T14:41:20","guid":{"rendered":"https:\/\/wpdigital.ro\/brutarie\/product\/supa-de-legume-120-grame-2\/"},"modified":"2021-11-11T14:41:22","modified_gmt":"2021-11-11T14:41:22","slug":"supa-de-legume-120-grame-2","status":"publish","type":"product","link":"https:\/\/wpdigital.ro\/brutarie\/product\/supa-de-legume-120-grame-2\/","title":{"rendered":"Supa de legume 120 grame"},"content":{"rendered":"<p>&nbsp; &#8211; Vegan &#8211; F\u0103r\u0103 gluten &#8211; F\u0103r\u0103 lactoz\u0103 &#8211; Ca sup\u0103: se amestec\u0103 1 lingur\u0103 (20 g) cu 1 litru de ap\u0103 \u0219i voil\u00e0, a\u021bi terminat! &#8211; Ca sup\u0103 la can\u0103: aprox. 1 linguri\u021b\u0103 la o can\u0103 mare de sup\u0103. &#8211; De asemenea, se poate dizolva \u00een ap\u0103 rece! Solubil&#8230;<\/p>\n","protected":false},"excerpt":{"rendered":"<p>&nbsp; &#8211; Vegan &#8211; F\u0103r\u0103 gluten &#8211; F\u0103r\u0103 lactoz\u0103 &#8211; Ca sup\u0103: se amestec\u0103 1 lingur\u0103 (20 g) cu 1<\/p>\n","protected":false},"featured_media":11788,"comment_status":"closed","ping_status":"open","template":"","meta":[],"product_cat":[110],"product_tag":[],"_links":{"self":[{"href":"https:\/\/wpdigital.ro\/brutarie\/wp-json\/wp\/v2\/product\/12105"}],"collection":[{"href":"https:\/\/wpdigital.ro\/brutarie\/wp-json\/wp\/v2\/product"}],"about":[{"href":"https:\/\/wpdigital.ro\/brutarie\/wp-json\/wp\/v2\/types\/product"}],"replies":[{"embeddable":true,"href":"https:\/\/wpdigital.ro\/brutarie\/wp-json\/wp\/v2\/comments?post=12105"}],"wp:featuredmedia":[{"embeddable":true,"href":"https:\/\/wpdigital.ro\/brutarie\/wp-json\/wp\/v2\/media\/11788"}],"wp:attachment":[{"href":"https:\/\/wpdigital.ro\/brutarie\/wp-json\/wp\/v2\/media?parent=12105"}],"wp:term":[{"taxonomy":"product_cat","embeddable":true,"href":"https:\/\/wpdigital.ro\/brutarie\/wp-json\/wp\/v2\/product_cat?post=12105"},{"taxonomy":"product_tag","embeddable":true,"href":"https:\/\/wpdigital.ro\/brutarie\/wp-json\/wp\/v2\/product_tag?post=12105"}],"curies":[{"name":"wp","href":"https:\/\/api.w.org\/{rel}","templated":true}]}}