{"id":12102,"date":"2021-11-11T14:41:20","date_gmt":"2021-11-11T14:41:20","guid":{"rendered":"https:\/\/wpdigital.ro\/brutarie\/product\/sofran-1-gram-2\/"},"modified":"2021-11-11T14:41:21","modified_gmt":"2021-11-11T14:41:21","slug":"sofran-1-gram-2","status":"publish","type":"product","link":"https:\/\/wpdigital.ro\/brutarie\/product\/sofran-1-gram-2\/","title":{"rendered":"Sofran 1 gram"},"content":{"rendered":"<p>&nbsp;  Ingrediente: 100% \u015fofran pur.  Pentru a-\u015fi p\u0103stra prospe\u0163imea \u015fi aroma se va p\u0103stra \u00eentr-un recipient bine \u00eenchis, \u00eentr-un loc uscat \u015fi r\u0103coros, ferit de lumina soarelui. &nbsp;  Poate con\u021bine urme de: Migdale, alune, arahide, nuci,&#8230;<\/p>\n","protected":false},"excerpt":{"rendered":"<p>&nbsp; Ingrediente: 100% \u015fofran pur. Pentru a-\u015fi p\u0103stra prospe\u0163imea \u015fi aroma se va p\u0103stra \u00eentr-un recipient bine \u00eenchis, \u00eentr-un loc<\/p>\n","protected":false},"featured_media":11782,"comment_status":"closed","ping_status":"open","template":"","meta":[],"product_cat":[87],"product_tag":[],"_links":{"self":[{"href":"https:\/\/wpdigital.ro\/brutarie\/wp-json\/wp\/v2\/product\/12102"}],"collection":[{"href":"https:\/\/wpdigital.ro\/brutarie\/wp-json\/wp\/v2\/product"}],"about":[{"href":"https:\/\/wpdigital.ro\/brutarie\/wp-json\/wp\/v2\/types\/product"}],"replies":[{"embeddable":true,"href":"https:\/\/wpdigital.ro\/brutarie\/wp-json\/wp\/v2\/comments?post=12102"}],"wp:featuredmedia":[{"embeddable":true,"href":"https:\/\/wpdigital.ro\/brutarie\/wp-json\/wp\/v2\/media\/11782"}],"wp:attachment":[{"href":"https:\/\/wpdigital.ro\/brutarie\/wp-json\/wp\/v2\/media?parent=12102"}],"wp:term":[{"taxonomy":"product_cat","embeddable":true,"href":"https:\/\/wpdigital.ro\/brutarie\/wp-json\/wp\/v2\/product_cat?post=12102"},{"taxonomy":"product_tag","embeddable":true,"href":"https:\/\/wpdigital.ro\/brutarie\/wp-json\/wp\/v2\/product_tag?post=12102"}],"curies":[{"name":"wp","href":"https:\/\/api.w.org\/{rel}","templated":true}]}}