{"id":12047,"date":"2021-11-11T14:41:03","date_gmt":"2021-11-11T14:41:03","guid":{"rendered":"https:\/\/wpdigital.ro\/brutarie\/product\/sirop-imunostimulent-200ml-2\/"},"modified":"2021-11-11T14:41:05","modified_gmt":"2021-11-11T14:41:05","slug":"sirop-imunostimulent-200ml-2","status":"publish","type":"product","link":"https:\/\/wpdigital.ro\/brutarie\/product\/sirop-imunostimulent-200ml-2\/","title":{"rendered":"Sirop Imunostimulent 200ml"},"content":{"rendered":"<p>&nbsp; Elixirul din plante medicinale de la Dacia Plant &#8211; Imunostimulent sirop reprezint\u0103 o asociere de plante \u0219i produse apicole care ac\u021bioneaz\u0103 at\u00e2t asupra imunit\u0103\u021bii organismului c\u00e2t \u0219i asupra afec\u021biunilor deja contactate c\u0103 urmare a sl\u0103birii&#8230;<\/p>\n","protected":false},"excerpt":{"rendered":"<p>&nbsp; Elixirul din plante medicinale de la Dacia Plant &#8211; Imunostimulent sirop reprezint\u0103 o asociere de plante \u0219i produse apicole<\/p>\n","protected":false},"featured_media":11672,"comment_status":"closed","ping_status":"open","template":"","meta":[],"product_cat":[83],"product_tag":[],"_links":{"self":[{"href":"https:\/\/wpdigital.ro\/brutarie\/wp-json\/wp\/v2\/product\/12047"}],"collection":[{"href":"https:\/\/wpdigital.ro\/brutarie\/wp-json\/wp\/v2\/product"}],"about":[{"href":"https:\/\/wpdigital.ro\/brutarie\/wp-json\/wp\/v2\/types\/product"}],"replies":[{"embeddable":true,"href":"https:\/\/wpdigital.ro\/brutarie\/wp-json\/wp\/v2\/comments?post=12047"}],"wp:featuredmedia":[{"embeddable":true,"href":"https:\/\/wpdigital.ro\/brutarie\/wp-json\/wp\/v2\/media\/11672"}],"wp:attachment":[{"href":"https:\/\/wpdigital.ro\/brutarie\/wp-json\/wp\/v2\/media?parent=12047"}],"wp:term":[{"taxonomy":"product_cat","embeddable":true,"href":"https:\/\/wpdigital.ro\/brutarie\/wp-json\/wp\/v2\/product_cat?post=12047"},{"taxonomy":"product_tag","embeddable":true,"href":"https:\/\/wpdigital.ro\/brutarie\/wp-json\/wp\/v2\/product_tag?post=12047"}],"curies":[{"name":"wp","href":"https:\/\/api.w.org\/{rel}","templated":true}]}}