{"id":12017,"date":"2021-11-11T14:40:52","date_gmt":"2021-11-11T14:40:52","guid":{"rendered":"https:\/\/wpdigital.ro\/brutarie\/product\/ulei-esential-de-ienupar-10ml-2\/"},"modified":"2021-11-11T14:40:55","modified_gmt":"2021-11-11T14:40:55","slug":"ulei-esential-de-ienupar-10ml-2","status":"publish","type":"product","link":"https:\/\/wpdigital.ro\/brutarie\/product\/ulei-esential-de-ienupar-10ml-2\/","title":{"rendered":"Ulei Esential de Ienupar 10ml"},"content":{"rendered":"<p>&nbsp; Con\u021bine ulei esen\u021bial ob\u021binut prin distilare cu vapori de ap\u0103 a Juniperus Communis. Uleiul esen\u021bial de Ienup\u0103r este des utilizat \u00een prepararea produselor cosmetice. Extrem de folositor \u00een atenuarea imperfec\u021biunilor pielii \u0219i un tonic&#8230;<\/p>\n","protected":false},"excerpt":{"rendered":"<p>&nbsp; Con\u021bine ulei esen\u021bial ob\u021binut prin distilare cu vapori de ap\u0103 a Juniperus Communis. Uleiul esen\u021bial de Ienup\u0103r este des<\/p>\n","protected":false},"featured_media":11612,"comment_status":"closed","ping_status":"open","template":"","meta":[],"product_cat":[90],"product_tag":[],"_links":{"self":[{"href":"https:\/\/wpdigital.ro\/brutarie\/wp-json\/wp\/v2\/product\/12017"}],"collection":[{"href":"https:\/\/wpdigital.ro\/brutarie\/wp-json\/wp\/v2\/product"}],"about":[{"href":"https:\/\/wpdigital.ro\/brutarie\/wp-json\/wp\/v2\/types\/product"}],"replies":[{"embeddable":true,"href":"https:\/\/wpdigital.ro\/brutarie\/wp-json\/wp\/v2\/comments?post=12017"}],"wp:featuredmedia":[{"embeddable":true,"href":"https:\/\/wpdigital.ro\/brutarie\/wp-json\/wp\/v2\/media\/11612"}],"wp:attachment":[{"href":"https:\/\/wpdigital.ro\/brutarie\/wp-json\/wp\/v2\/media?parent=12017"}],"wp:term":[{"taxonomy":"product_cat","embeddable":true,"href":"https:\/\/wpdigital.ro\/brutarie\/wp-json\/wp\/v2\/product_cat?post=12017"},{"taxonomy":"product_tag","embeddable":true,"href":"https:\/\/wpdigital.ro\/brutarie\/wp-json\/wp\/v2\/product_tag?post=12017"}],"curies":[{"name":"wp","href":"https:\/\/api.w.org\/{rel}","templated":true}]}}