{"id":12011,"date":"2021-11-11T14:40:52","date_gmt":"2021-11-11T14:40:52","guid":{"rendered":"https:\/\/wpdigital.ro\/brutarie\/product\/omega-3-acizi-grasi-si-vitamina-e-1000mg-60-capsule-2\/"},"modified":"2021-11-11T14:40:54","modified_gmt":"2021-11-11T14:40:54","slug":"omega-3-acizi-grasi-si-vitamina-e-1000mg-60-capsule-2","status":"publish","type":"product","link":"https:\/\/wpdigital.ro\/brutarie\/product\/omega-3-acizi-grasi-si-vitamina-e-1000mg-60-capsule-2\/","title":{"rendered":"Omega 3 Acizi Grasi si Vitamina E 1000mg 60 Capsule"},"content":{"rendered":"<p>&nbsp;  Destina\u0163ie:  Nivelurile echilibrate de colesterol \u015fi trigliceride sunt esen\u0163iale pentru o inima s\u0103n\u0103toasa \u015fi sistemului cardiovascular. Importantele acizi gra\u015fi Omega 3 sunt acid eicosapentaenoic (EPA) \u015fi acidul docosahexaenoic (DHA)&#8230;.<\/p>\n","protected":false},"excerpt":{"rendered":"<p>&nbsp; Destina\u0163ie: Nivelurile echilibrate de colesterol \u015fi trigliceride sunt esen\u0163iale pentru o inima s\u0103n\u0103toasa \u015fi sistemului cardiovascular. Importantele acizi gra\u015fi<\/p>\n","protected":false},"featured_media":11600,"comment_status":"closed","ping_status":"open","template":"","meta":[],"product_cat":[81],"product_tag":[],"_links":{"self":[{"href":"https:\/\/wpdigital.ro\/brutarie\/wp-json\/wp\/v2\/product\/12011"}],"collection":[{"href":"https:\/\/wpdigital.ro\/brutarie\/wp-json\/wp\/v2\/product"}],"about":[{"href":"https:\/\/wpdigital.ro\/brutarie\/wp-json\/wp\/v2\/types\/product"}],"replies":[{"embeddable":true,"href":"https:\/\/wpdigital.ro\/brutarie\/wp-json\/wp\/v2\/comments?post=12011"}],"wp:featuredmedia":[{"embeddable":true,"href":"https:\/\/wpdigital.ro\/brutarie\/wp-json\/wp\/v2\/media\/11600"}],"wp:attachment":[{"href":"https:\/\/wpdigital.ro\/brutarie\/wp-json\/wp\/v2\/media?parent=12011"}],"wp:term":[{"taxonomy":"product_cat","embeddable":true,"href":"https:\/\/wpdigital.ro\/brutarie\/wp-json\/wp\/v2\/product_cat?post=12011"},{"taxonomy":"product_tag","embeddable":true,"href":"https:\/\/wpdigital.ro\/brutarie\/wp-json\/wp\/v2\/product_tag?post=12011"}],"curies":[{"name":"wp","href":"https:\/\/api.w.org\/{rel}","templated":true}]}}