{"id":12007,"date":"2021-11-11T14:40:52","date_gmt":"2021-11-11T14:40:52","guid":{"rendered":"https:\/\/wpdigital.ro\/brutarie\/product\/supliment-alimentar-afa-stem-30-capsule-vegetale-2\/"},"modified":"2021-11-11T14:40:53","modified_gmt":"2021-11-11T14:40:53","slug":"supliment-alimentar-afa-stem-30-capsule-vegetale-2","status":"publish","type":"product","link":"https:\/\/wpdigital.ro\/brutarie\/product\/supliment-alimentar-afa-stem-30-capsule-vegetale-2\/","title":{"rendered":"Supliment Alimentar Afa STEM+ 30 Capsule Vegetale"},"content":{"rendered":"<p>&nbsp; Supliment alimentar Afa Stem+ Herbagetica, 30 capsule  Stimuleaz\u0103 produc\u0163ia de Celule Stem, inhib\u0103 formarea \u015fi dezvoltarea forma\u0163iunilor tumorale. &nbsp; Alga AFA (Aphanizomenon flos-aquae) este o raritate a naturii cu efecte benefice&#8230;<\/p>\n","protected":false},"excerpt":{"rendered":"<p>&nbsp; Supliment alimentar Afa Stem+ Herbagetica, 30 capsule Stimuleaz\u0103 produc\u0163ia de Celule Stem, inhib\u0103 formarea \u015fi dezvoltarea forma\u0163iunilor tumorale. &nbsp;<\/p>\n","protected":false},"featured_media":11592,"comment_status":"closed","ping_status":"open","template":"","meta":[],"product_cat":[81],"product_tag":[],"_links":{"self":[{"href":"https:\/\/wpdigital.ro\/brutarie\/wp-json\/wp\/v2\/product\/12007"}],"collection":[{"href":"https:\/\/wpdigital.ro\/brutarie\/wp-json\/wp\/v2\/product"}],"about":[{"href":"https:\/\/wpdigital.ro\/brutarie\/wp-json\/wp\/v2\/types\/product"}],"replies":[{"embeddable":true,"href":"https:\/\/wpdigital.ro\/brutarie\/wp-json\/wp\/v2\/comments?post=12007"}],"wp:featuredmedia":[{"embeddable":true,"href":"https:\/\/wpdigital.ro\/brutarie\/wp-json\/wp\/v2\/media\/11592"}],"wp:attachment":[{"href":"https:\/\/wpdigital.ro\/brutarie\/wp-json\/wp\/v2\/media?parent=12007"}],"wp:term":[{"taxonomy":"product_cat","embeddable":true,"href":"https:\/\/wpdigital.ro\/brutarie\/wp-json\/wp\/v2\/product_cat?post=12007"},{"taxonomy":"product_tag","embeddable":true,"href":"https:\/\/wpdigital.ro\/brutarie\/wp-json\/wp\/v2\/product_tag?post=12007"}],"curies":[{"name":"wp","href":"https:\/\/api.w.org\/{rel}","templated":true}]}}