{"id":11998,"date":"2021-11-11T14:40:47","date_gmt":"2021-11-11T14:40:47","guid":{"rendered":"https:\/\/wpdigital.ro\/brutarie\/product\/supliment-alimentar-immunity-stem-120-capsule-vegetale-2\/"},"modified":"2021-11-11T14:40:50","modified_gmt":"2021-11-11T14:40:50","slug":"supliment-alimentar-immunity-stem-120-capsule-vegetale-2","status":"publish","type":"product","link":"https:\/\/wpdigital.ro\/brutarie\/product\/supliment-alimentar-immunity-stem-120-capsule-vegetale-2\/","title":{"rendered":"Supliment Alimentar Immunity+ Stem 120 Capsule Vegetale"},"content":{"rendered":"<p>&nbsp; Stimuleaz\u0103 ap\u0103rarea imunologic\u0103 natural\u0103, fortific\u0103 imunitatea, stimuleaz\u0103 regenerarea celular\u0103 a organismului   Immunity+ STEM livreaz\u0103 cu fiecare capsul\u0103 o formul\u0103 unic\u0103 din 7 extracte naturale dedicate fortific\u0103rii sistemului imunitar&#8230;.<\/p>\n","protected":false},"excerpt":{"rendered":"<p>&nbsp; Stimuleaz\u0103 ap\u0103rarea imunologic\u0103 natural\u0103, fortific\u0103 imunitatea, stimuleaz\u0103 regenerarea celular\u0103 a organismului Immunity+ STEM livreaz\u0103 cu fiecare capsul\u0103 o formul\u0103<\/p>\n","protected":false},"featured_media":11574,"comment_status":"closed","ping_status":"open","template":"","meta":[],"product_cat":[81],"product_tag":[],"_links":{"self":[{"href":"https:\/\/wpdigital.ro\/brutarie\/wp-json\/wp\/v2\/product\/11998"}],"collection":[{"href":"https:\/\/wpdigital.ro\/brutarie\/wp-json\/wp\/v2\/product"}],"about":[{"href":"https:\/\/wpdigital.ro\/brutarie\/wp-json\/wp\/v2\/types\/product"}],"replies":[{"embeddable":true,"href":"https:\/\/wpdigital.ro\/brutarie\/wp-json\/wp\/v2\/comments?post=11998"}],"wp:featuredmedia":[{"embeddable":true,"href":"https:\/\/wpdigital.ro\/brutarie\/wp-json\/wp\/v2\/media\/11574"}],"wp:attachment":[{"href":"https:\/\/wpdigital.ro\/brutarie\/wp-json\/wp\/v2\/media?parent=11998"}],"wp:term":[{"taxonomy":"product_cat","embeddable":true,"href":"https:\/\/wpdigital.ro\/brutarie\/wp-json\/wp\/v2\/product_cat?post=11998"},{"taxonomy":"product_tag","embeddable":true,"href":"https:\/\/wpdigital.ro\/brutarie\/wp-json\/wp\/v2\/product_tag?post=11998"}],"curies":[{"name":"wp","href":"https:\/\/api.w.org\/{rel}","templated":true}]}}