{"id":11994,"date":"2021-11-11T14:40:47","date_gmt":"2021-11-11T14:40:47","guid":{"rendered":"https:\/\/wpdigital.ro\/brutarie\/product\/supliment-alimentar-reglatens-forte-120-capsule-2\/"},"modified":"2021-11-11T14:40:50","modified_gmt":"2021-11-11T14:40:50","slug":"supliment-alimentar-reglatens-forte-120-capsule-2","status":"publish","type":"product","link":"https:\/\/wpdigital.ro\/brutarie\/product\/supliment-alimentar-reglatens-forte-120-capsule-2\/","title":{"rendered":"Supliment Alimentar Reglatens Forte, 120 Capsule"},"content":{"rendered":"<p>&nbsp;  Beneficii:  \u00b7 Regleaz\u0103 presiunea s\u00e2ngelui \u00b7 Men\u021bine func\u021bionarea normal\u0103 a sistemului cardiovascular \u00b7 Asigur\u0103 s\u0103n\u0103tatea vaselor de s\u00e2nge \u00b7 Cre\u0219te elasticitatea vaselor capilare \u00b7 Efect protector pentru organism \u00een situa\u021biile de stres&#8230;<\/p>\n","protected":false},"excerpt":{"rendered":"<p>&nbsp; Beneficii: \u00b7 Regleaz\u0103 presiunea s\u00e2ngelui \u00b7 Men\u021bine func\u021bionarea normal\u0103 a sistemului cardiovascular \u00b7 Asigur\u0103 s\u0103n\u0103tatea vaselor de s\u00e2nge \u00b7<\/p>\n","protected":false},"featured_media":11566,"comment_status":"closed","ping_status":"open","template":"","meta":[],"product_cat":[81],"product_tag":[],"_links":{"self":[{"href":"https:\/\/wpdigital.ro\/brutarie\/wp-json\/wp\/v2\/product\/11994"}],"collection":[{"href":"https:\/\/wpdigital.ro\/brutarie\/wp-json\/wp\/v2\/product"}],"about":[{"href":"https:\/\/wpdigital.ro\/brutarie\/wp-json\/wp\/v2\/types\/product"}],"replies":[{"embeddable":true,"href":"https:\/\/wpdigital.ro\/brutarie\/wp-json\/wp\/v2\/comments?post=11994"}],"wp:featuredmedia":[{"embeddable":true,"href":"https:\/\/wpdigital.ro\/brutarie\/wp-json\/wp\/v2\/media\/11566"}],"wp:attachment":[{"href":"https:\/\/wpdigital.ro\/brutarie\/wp-json\/wp\/v2\/media?parent=11994"}],"wp:term":[{"taxonomy":"product_cat","embeddable":true,"href":"https:\/\/wpdigital.ro\/brutarie\/wp-json\/wp\/v2\/product_cat?post=11994"},{"taxonomy":"product_tag","embeddable":true,"href":"https:\/\/wpdigital.ro\/brutarie\/wp-json\/wp\/v2\/product_tag?post=11994"}],"curies":[{"name":"wp","href":"https:\/\/api.w.org\/{rel}","templated":true}]}}