{"id":11962,"date":"2021-11-11T14:40:41","date_gmt":"2021-11-11T14:40:41","guid":{"rendered":"https:\/\/wpdigital.ro\/brutarie\/product\/linte-gourmet-bio-maro-500-grame-2\/"},"modified":"2021-11-11T14:40:42","modified_gmt":"2021-11-11T14:40:42","slug":"linte-gourmet-bio-maro-500-grame-2","status":"publish","type":"product","link":"https:\/\/wpdigital.ro\/brutarie\/product\/linte-gourmet-bio-maro-500-grame-2\/","title":{"rendered":"Linte Gourmet Bio Maro 500 Grame"},"content":{"rendered":"<p>&nbsp; Lintea bio Gourmet este una dintre cele mai vechi culturi de linte. Legumele aromatice au gust dulce picantt \u0219i absorb foarte bine aroma ierburilor \u0219i mirodeniilor. Dup\u0103 g\u0103tire, lintele r\u0103m\u00e2n minunate. Rapunzel a fost implicat \u00een cultivarea&#8230;<\/p>\n","protected":false},"excerpt":{"rendered":"<p>&nbsp; Lintea bio Gourmet este una dintre cele mai vechi culturi de linte. Legumele aromatice au gust dulce picantt \u0219i<\/p>\n","protected":false},"featured_media":11502,"comment_status":"closed","ping_status":"open","template":"","meta":[],"product_cat":[91],"product_tag":[],"_links":{"self":[{"href":"https:\/\/wpdigital.ro\/brutarie\/wp-json\/wp\/v2\/product\/11962"}],"collection":[{"href":"https:\/\/wpdigital.ro\/brutarie\/wp-json\/wp\/v2\/product"}],"about":[{"href":"https:\/\/wpdigital.ro\/brutarie\/wp-json\/wp\/v2\/types\/product"}],"replies":[{"embeddable":true,"href":"https:\/\/wpdigital.ro\/brutarie\/wp-json\/wp\/v2\/comments?post=11962"}],"wp:featuredmedia":[{"embeddable":true,"href":"https:\/\/wpdigital.ro\/brutarie\/wp-json\/wp\/v2\/media\/11502"}],"wp:attachment":[{"href":"https:\/\/wpdigital.ro\/brutarie\/wp-json\/wp\/v2\/media?parent=11962"}],"wp:term":[{"taxonomy":"product_cat","embeddable":true,"href":"https:\/\/wpdigital.ro\/brutarie\/wp-json\/wp\/v2\/product_cat?post=11962"},{"taxonomy":"product_tag","embeddable":true,"href":"https:\/\/wpdigital.ro\/brutarie\/wp-json\/wp\/v2\/product_tag?post=11962"}],"curies":[{"name":"wp","href":"https:\/\/api.w.org\/{rel}","templated":true}]}}