{"id":11893,"date":"2021-11-11T14:20:29","date_gmt":"2021-11-11T14:20:29","guid":{"rendered":"https:\/\/wpdigital.ro\/brutarie\/product\/faina-integrala-de-spelta-20-kg\/"},"modified":"2021-11-11T14:20:52","modified_gmt":"2021-11-11T14:20:52","slug":"faina-integrala-de-spelta-20-kg","status":"publish","type":"product","link":"https:\/\/wpdigital.ro\/brutarie\/product\/faina-integrala-de-spelta-20-kg\/","title":{"rendered":"Faina integrala de Spelta 20 kg"},"content":{"rendered":"<p>&nbsp; F\u0103in\u0103 integral\u0103 Spelta BIO, cereale ob\u021binute din agricultura ecologic\u0103, cultur\u0103 organic\u0103, certificat ecologic, produs \u00een Rom\u00e2nia &nbsp;  Compozi\u021bie: boabe Spelta m\u0103cinate &nbsp;  ATEN\u021aIE: Boabele de spelta sunt m\u0103cinate numai c\u00e2nd sunt&#8230;<\/p>\n","protected":false},"excerpt":{"rendered":"<p>&nbsp; F\u0103in\u0103 integral\u0103 Spelta BIO, cereale ob\u021binute din agricultura ecologic\u0103, cultur\u0103 organic\u0103, certificat ecologic, produs \u00een Rom\u00e2nia &nbsp; Compozi\u021bie: boabe<\/p>\n","protected":false},"featured_media":11894,"comment_status":"closed","ping_status":"open","template":"","meta":[],"product_cat":[80],"product_tag":[],"_links":{"self":[{"href":"https:\/\/wpdigital.ro\/brutarie\/wp-json\/wp\/v2\/product\/11893"}],"collection":[{"href":"https:\/\/wpdigital.ro\/brutarie\/wp-json\/wp\/v2\/product"}],"about":[{"href":"https:\/\/wpdigital.ro\/brutarie\/wp-json\/wp\/v2\/types\/product"}],"replies":[{"embeddable":true,"href":"https:\/\/wpdigital.ro\/brutarie\/wp-json\/wp\/v2\/comments?post=11893"}],"wp:featuredmedia":[{"embeddable":true,"href":"https:\/\/wpdigital.ro\/brutarie\/wp-json\/wp\/v2\/media\/11894"}],"wp:attachment":[{"href":"https:\/\/wpdigital.ro\/brutarie\/wp-json\/wp\/v2\/media?parent=11893"}],"wp:term":[{"taxonomy":"product_cat","embeddable":true,"href":"https:\/\/wpdigital.ro\/brutarie\/wp-json\/wp\/v2\/product_cat?post=11893"},{"taxonomy":"product_tag","embeddable":true,"href":"https:\/\/wpdigital.ro\/brutarie\/wp-json\/wp\/v2\/product_tag?post=11893"}],"curies":[{"name":"wp","href":"https:\/\/api.w.org\/{rel}","templated":true}]}}