{"id":11849,"date":"2021-11-11T14:20:01","date_gmt":"2021-11-11T14:20:01","guid":{"rendered":"https:\/\/wpdigital.ro\/brutarie\/product\/b-complex-with-c-100-capsule-vegetale\/"},"modified":"2021-11-11T14:20:23","modified_gmt":"2021-11-11T14:20:23","slug":"b-complex-with-c-100-capsule-vegetale","status":"publish","type":"product","link":"https:\/\/wpdigital.ro\/brutarie\/product\/b-complex-with-c-100-capsule-vegetale\/","title":{"rendered":"B-Complex with C 100 capsule vegetale"},"content":{"rendered":"<p>&nbsp; B-Complex with C 100 tab   Complexul de vitamine B plus vitamina C \u00een doz\u0103 redus\u0103, util \u00een situa\u021bii stresante.   Produsul poate fi consumat de vegetarieni &nbsp;  Mod de administrare: A se administra ca supliment alimentar pentru adul\u021bi,&#8230;<\/p>\n","protected":false},"excerpt":{"rendered":"<p>&nbsp; B-Complex with C 100 tab Complexul de vitamine B plus vitamina C \u00een doz\u0103 redus\u0103, util \u00een situa\u021bii stresante.<\/p>\n","protected":false},"featured_media":11850,"comment_status":"closed","ping_status":"open","template":"","meta":[],"product_cat":[80],"product_tag":[],"_links":{"self":[{"href":"https:\/\/wpdigital.ro\/brutarie\/wp-json\/wp\/v2\/product\/11849"}],"collection":[{"href":"https:\/\/wpdigital.ro\/brutarie\/wp-json\/wp\/v2\/product"}],"about":[{"href":"https:\/\/wpdigital.ro\/brutarie\/wp-json\/wp\/v2\/types\/product"}],"replies":[{"embeddable":true,"href":"https:\/\/wpdigital.ro\/brutarie\/wp-json\/wp\/v2\/comments?post=11849"}],"wp:featuredmedia":[{"embeddable":true,"href":"https:\/\/wpdigital.ro\/brutarie\/wp-json\/wp\/v2\/media\/11850"}],"wp:attachment":[{"href":"https:\/\/wpdigital.ro\/brutarie\/wp-json\/wp\/v2\/media?parent=11849"}],"wp:term":[{"taxonomy":"product_cat","embeddable":true,"href":"https:\/\/wpdigital.ro\/brutarie\/wp-json\/wp\/v2\/product_cat?post=11849"},{"taxonomy":"product_tag","embeddable":true,"href":"https:\/\/wpdigital.ro\/brutarie\/wp-json\/wp\/v2\/product_tag?post=11849"}],"curies":[{"name":"wp","href":"https:\/\/api.w.org\/{rel}","templated":true}]}}