{"id":11833,"date":"2021-11-11T14:20:01","date_gmt":"2021-11-11T14:20:01","guid":{"rendered":"https:\/\/wpdigital.ro\/brutarie\/product\/spirulina-pulbere-200-grame\/"},"modified":"2021-11-11T14:20:13","modified_gmt":"2021-11-11T14:20:13","slug":"spirulina-pulbere-200-grame","status":"publish","type":"product","link":"https:\/\/wpdigital.ro\/brutarie\/product\/spirulina-pulbere-200-grame\/","title":{"rendered":"Spirulina Pulbere 200 grame"},"content":{"rendered":"<p>&nbsp;  Ingrediente:&nbsp;Spirulina&nbsp;pulbere&nbsp;(Spirulina plantensis).  Spirulina este o microalg\u0103 care provine din lacuri \u015fi ape calde, alcaline. Este o surs\u0103 natural\u0103 de proteine, aminoacizi esen\u021biali \u0219i antioxidan\u0163i.  Con\u021bine&nbsp; un&#8230;<\/p>\n","protected":false},"excerpt":{"rendered":"<p>&nbsp; Ingrediente:&nbsp;Spirulina&nbsp;pulbere&nbsp;(Spirulina plantensis). Spirulina este o microalg\u0103 care provine din lacuri \u015fi ape calde, alcaline. Este o surs\u0103 natural\u0103 de<\/p>\n","protected":false},"featured_media":11834,"comment_status":"closed","ping_status":"open","template":"","meta":[],"product_cat":[80],"product_tag":[],"_links":{"self":[{"href":"https:\/\/wpdigital.ro\/brutarie\/wp-json\/wp\/v2\/product\/11833"}],"collection":[{"href":"https:\/\/wpdigital.ro\/brutarie\/wp-json\/wp\/v2\/product"}],"about":[{"href":"https:\/\/wpdigital.ro\/brutarie\/wp-json\/wp\/v2\/types\/product"}],"replies":[{"embeddable":true,"href":"https:\/\/wpdigital.ro\/brutarie\/wp-json\/wp\/v2\/comments?post=11833"}],"wp:featuredmedia":[{"embeddable":true,"href":"https:\/\/wpdigital.ro\/brutarie\/wp-json\/wp\/v2\/media\/11834"}],"wp:attachment":[{"href":"https:\/\/wpdigital.ro\/brutarie\/wp-json\/wp\/v2\/media?parent=11833"}],"wp:term":[{"taxonomy":"product_cat","embeddable":true,"href":"https:\/\/wpdigital.ro\/brutarie\/wp-json\/wp\/v2\/product_cat?post=11833"},{"taxonomy":"product_tag","embeddable":true,"href":"https:\/\/wpdigital.ro\/brutarie\/wp-json\/wp\/v2\/product_tag?post=11833"}],"curies":[{"name":"wp","href":"https:\/\/api.w.org\/{rel}","templated":true}]}}