{"id":11805,"date":"2021-11-11T14:19:26","date_gmt":"2021-11-11T14:19:26","guid":{"rendered":"https:\/\/wpdigital.ro\/brutarie\/product\/fructe-rosii-desert-compot-370-grame\/"},"modified":"2021-11-11T14:19:47","modified_gmt":"2021-11-11T14:19:47","slug":"fructe-rosii-desert-compot-370-grame","status":"publish","type":"product","link":"https:\/\/wpdigital.ro\/brutarie\/product\/fructe-rosii-desert-compot-370-grame\/","title":{"rendered":"Fructe rosii desert (compot) 370 grame"},"content":{"rendered":"<p>&nbsp; Fructe rosii desert (compot) BIO 370g Bio Fit  Ingrediente: fructe (vi\u0219ine*, c\u0103p\u0219uni*, zmeur\u0103*, coac\u0103ze negre*), ap\u0103, zah\u0103r din trestie*, amidon din porumb*, agent de geliefiere: gum\u0103 de guar, suc de l\u0103m\u00e2ie*. *=din culturi certificate&#8230;<\/p>\n","protected":false},"excerpt":{"rendered":"<p>&nbsp; Fructe rosii desert (compot) BIO 370g Bio Fit Ingrediente: fructe (vi\u0219ine*, c\u0103p\u0219uni*, zmeur\u0103*, coac\u0103ze negre*), ap\u0103, zah\u0103r din trestie*,<\/p>\n","protected":false},"featured_media":11806,"comment_status":"closed","ping_status":"open","template":"","meta":[],"product_cat":[80],"product_tag":[],"_links":{"self":[{"href":"https:\/\/wpdigital.ro\/brutarie\/wp-json\/wp\/v2\/product\/11805"}],"collection":[{"href":"https:\/\/wpdigital.ro\/brutarie\/wp-json\/wp\/v2\/product"}],"about":[{"href":"https:\/\/wpdigital.ro\/brutarie\/wp-json\/wp\/v2\/types\/product"}],"replies":[{"embeddable":true,"href":"https:\/\/wpdigital.ro\/brutarie\/wp-json\/wp\/v2\/comments?post=11805"}],"wp:featuredmedia":[{"embeddable":true,"href":"https:\/\/wpdigital.ro\/brutarie\/wp-json\/wp\/v2\/media\/11806"}],"wp:attachment":[{"href":"https:\/\/wpdigital.ro\/brutarie\/wp-json\/wp\/v2\/media?parent=11805"}],"wp:term":[{"taxonomy":"product_cat","embeddable":true,"href":"https:\/\/wpdigital.ro\/brutarie\/wp-json\/wp\/v2\/product_cat?post=11805"},{"taxonomy":"product_tag","embeddable":true,"href":"https:\/\/wpdigital.ro\/brutarie\/wp-json\/wp\/v2\/product_tag?post=11805"}],"curies":[{"name":"wp","href":"https:\/\/api.w.org\/{rel}","templated":true}]}}