{"id":11725,"date":"2021-11-11T14:18:34","date_gmt":"2021-11-11T14:18:34","guid":{"rendered":"https:\/\/wpdigital.ro\/brutarie\/product\/faina-bio-din-nuca-de-cocos-300-grame\/"},"modified":"2021-11-11T14:18:49","modified_gmt":"2021-11-11T14:18:49","slug":"faina-bio-din-nuca-de-cocos-300-grame","status":"publish","type":"product","link":"https:\/\/wpdigital.ro\/brutarie\/product\/faina-bio-din-nuca-de-cocos-300-grame\/","title":{"rendered":"Faina BIO din Nuca de Cocos 300 grame"},"content":{"rendered":"<p>&nbsp; Pulpa este cur\u0103\u021bat\u0103, uscat\u0103 \u0219i m\u0103cinat\u0103. Dup\u0103 extragerea uleiurilor, urmeaz\u0103 o a doua m\u0103cinare dup\u0103 care f\u0103ina este cernut\u0103. &nbsp;   Ingrediente:&nbsp;nuc\u0103 de cocos*. &nbsp;  *=din culturi certificate ecologic. &nbsp; &nbsp; Valorile&#8230;<\/p>\n","protected":false},"excerpt":{"rendered":"<p>&nbsp; Pulpa este cur\u0103\u021bat\u0103, uscat\u0103 \u0219i m\u0103cinat\u0103. Dup\u0103 extragerea uleiurilor, urmeaz\u0103 o a doua m\u0103cinare dup\u0103 care f\u0103ina este cernut\u0103.<\/p>\n","protected":false},"featured_media":11726,"comment_status":"closed","ping_status":"open","template":"","meta":[],"product_cat":[80],"product_tag":[],"_links":{"self":[{"href":"https:\/\/wpdigital.ro\/brutarie\/wp-json\/wp\/v2\/product\/11725"}],"collection":[{"href":"https:\/\/wpdigital.ro\/brutarie\/wp-json\/wp\/v2\/product"}],"about":[{"href":"https:\/\/wpdigital.ro\/brutarie\/wp-json\/wp\/v2\/types\/product"}],"replies":[{"embeddable":true,"href":"https:\/\/wpdigital.ro\/brutarie\/wp-json\/wp\/v2\/comments?post=11725"}],"wp:featuredmedia":[{"embeddable":true,"href":"https:\/\/wpdigital.ro\/brutarie\/wp-json\/wp\/v2\/media\/11726"}],"wp:attachment":[{"href":"https:\/\/wpdigital.ro\/brutarie\/wp-json\/wp\/v2\/media?parent=11725"}],"wp:term":[{"taxonomy":"product_cat","embeddable":true,"href":"https:\/\/wpdigital.ro\/brutarie\/wp-json\/wp\/v2\/product_cat?post=11725"},{"taxonomy":"product_tag","embeddable":true,"href":"https:\/\/wpdigital.ro\/brutarie\/wp-json\/wp\/v2\/product_tag?post=11725"}],"curies":[{"name":"wp","href":"https:\/\/api.w.org\/{rel}","templated":true}]}}