{"id":11621,"date":"2021-11-11T14:17:43","date_gmt":"2021-11-11T14:17:43","guid":{"rendered":"https:\/\/wpdigital.ro\/brutarie\/product\/faina-de-hrisca-coapta-1kg\/"},"modified":"2021-11-11T14:17:44","modified_gmt":"2021-11-11T14:17:44","slug":"faina-de-hrisca-coapta-1kg","status":"publish","type":"product","link":"https:\/\/wpdigital.ro\/brutarie\/product\/faina-de-hrisca-coapta-1kg\/","title":{"rendered":"Faina de Hrisca Coapta 1kg"},"content":{"rendered":"<p>&nbsp; F\u0103ina de Hri\u0219c\u0103 Coapt\u0103 este una dintre cele mai bune surse de proteine de foarte bun\u0103 calitate \u0219i u\u0219or digerabile, fiind o alternativ\u0103 excelent\u0103 la carne. Beneficiile sunt remarcabile \u0219i \u00een eliminarea toxinelor, datorit\u0103 con\u021binutului bogat&#8230;<\/p>\n","protected":false},"excerpt":{"rendered":"<p>&nbsp; F\u0103ina de Hri\u0219c\u0103 Coapt\u0103 este una dintre cele mai bune surse de proteine de foarte bun\u0103 calitate \u0219i u\u0219or<\/p>\n","protected":false},"featured_media":11622,"comment_status":"closed","ping_status":"open","template":"","meta":[],"product_cat":[80],"product_tag":[],"_links":{"self":[{"href":"https:\/\/wpdigital.ro\/brutarie\/wp-json\/wp\/v2\/product\/11621"}],"collection":[{"href":"https:\/\/wpdigital.ro\/brutarie\/wp-json\/wp\/v2\/product"}],"about":[{"href":"https:\/\/wpdigital.ro\/brutarie\/wp-json\/wp\/v2\/types\/product"}],"replies":[{"embeddable":true,"href":"https:\/\/wpdigital.ro\/brutarie\/wp-json\/wp\/v2\/comments?post=11621"}],"wp:featuredmedia":[{"embeddable":true,"href":"https:\/\/wpdigital.ro\/brutarie\/wp-json\/wp\/v2\/media\/11622"}],"wp:attachment":[{"href":"https:\/\/wpdigital.ro\/brutarie\/wp-json\/wp\/v2\/media?parent=11621"}],"wp:term":[{"taxonomy":"product_cat","embeddable":true,"href":"https:\/\/wpdigital.ro\/brutarie\/wp-json\/wp\/v2\/product_cat?post=11621"},{"taxonomy":"product_tag","embeddable":true,"href":"https:\/\/wpdigital.ro\/brutarie\/wp-json\/wp\/v2\/product_tag?post=11621"}],"curies":[{"name":"wp","href":"https:\/\/api.w.org\/{rel}","templated":true}]}}