{"id":11619,"date":"2021-11-11T14:17:43","date_gmt":"2021-11-11T14:17:43","guid":{"rendered":"https:\/\/wpdigital.ro\/brutarie\/product\/faina-de-mei-500-grame\/"},"modified":"2021-11-11T14:17:43","modified_gmt":"2021-11-11T14:17:43","slug":"faina-de-mei-500-grame","status":"publish","type":"product","link":"https:\/\/wpdigital.ro\/brutarie\/product\/faina-de-mei-500-grame\/","title":{"rendered":"Faina de Mei 500 Grame"},"content":{"rendered":"<p>&nbsp; F\u0103ina de Mei este o surs\u0103 de proteine, fibre, vitamine (complexul de vitamine B, vitamina E), minerale \u0219i aminoacizi. Ajut\u0103 la o absorb\u021bie redus\u0103 a carbohidra\u021bilor \u0219i a gr\u0103similor, protejeaz\u0103 vasele de s\u00e2nge de arteroscleroz\u0103. Este foarte&#8230;<\/p>\n","protected":false},"excerpt":{"rendered":"<p>&nbsp; F\u0103ina de Mei este o surs\u0103 de proteine, fibre, vitamine (complexul de vitamine B, vitamina E), minerale \u0219i aminoacizi.<\/p>\n","protected":false},"featured_media":11620,"comment_status":"closed","ping_status":"open","template":"","meta":[],"product_cat":[80],"product_tag":[],"_links":{"self":[{"href":"https:\/\/wpdigital.ro\/brutarie\/wp-json\/wp\/v2\/product\/11619"}],"collection":[{"href":"https:\/\/wpdigital.ro\/brutarie\/wp-json\/wp\/v2\/product"}],"about":[{"href":"https:\/\/wpdigital.ro\/brutarie\/wp-json\/wp\/v2\/types\/product"}],"replies":[{"embeddable":true,"href":"https:\/\/wpdigital.ro\/brutarie\/wp-json\/wp\/v2\/comments?post=11619"}],"wp:featuredmedia":[{"embeddable":true,"href":"https:\/\/wpdigital.ro\/brutarie\/wp-json\/wp\/v2\/media\/11620"}],"wp:attachment":[{"href":"https:\/\/wpdigital.ro\/brutarie\/wp-json\/wp\/v2\/media?parent=11619"}],"wp:term":[{"taxonomy":"product_cat","embeddable":true,"href":"https:\/\/wpdigital.ro\/brutarie\/wp-json\/wp\/v2\/product_cat?post=11619"},{"taxonomy":"product_tag","embeddable":true,"href":"https:\/\/wpdigital.ro\/brutarie\/wp-json\/wp\/v2\/product_tag?post=11619"}],"curies":[{"name":"wp","href":"https:\/\/api.w.org\/{rel}","templated":true}]}}