{"id":11617,"date":"2021-11-11T14:17:21","date_gmt":"2021-11-11T14:17:21","guid":{"rendered":"https:\/\/wpdigital.ro\/brutarie\/product\/faina-de-naut-1kg\/"},"modified":"2021-11-11T14:17:40","modified_gmt":"2021-11-11T14:17:40","slug":"faina-de-naut-1kg","status":"publish","type":"product","link":"https:\/\/wpdigital.ro\/brutarie\/product\/faina-de-naut-1kg\/","title":{"rendered":"Faina de Naut 1kg"},"content":{"rendered":"<p>&nbsp; F\u0103ina de N\u0103ut este o surs\u0103 excelent\u0103 de proteine pentru vegetarieni \u0219i vegani. Con\u021bine o gam\u0103 larg\u0103 de nutrien\u021bi, vitamine \u0219i minerale. F\u0103ina de n\u0103ut este benefic\u0103 pentru cei care \u00ee\u0219i doresc s\u0103 echilibreze nivelul de colesterol. Protejeaz\u0103&#8230;<\/p>\n","protected":false},"excerpt":{"rendered":"<p>&nbsp; F\u0103ina de N\u0103ut este o surs\u0103 excelent\u0103 de proteine pentru vegetarieni \u0219i vegani. Con\u021bine o gam\u0103 larg\u0103 de nutrien\u021bi,<\/p>\n","protected":false},"featured_media":11618,"comment_status":"closed","ping_status":"open","template":"","meta":[],"product_cat":[80],"product_tag":[],"_links":{"self":[{"href":"https:\/\/wpdigital.ro\/brutarie\/wp-json\/wp\/v2\/product\/11617"}],"collection":[{"href":"https:\/\/wpdigital.ro\/brutarie\/wp-json\/wp\/v2\/product"}],"about":[{"href":"https:\/\/wpdigital.ro\/brutarie\/wp-json\/wp\/v2\/types\/product"}],"replies":[{"embeddable":true,"href":"https:\/\/wpdigital.ro\/brutarie\/wp-json\/wp\/v2\/comments?post=11617"}],"wp:featuredmedia":[{"embeddable":true,"href":"https:\/\/wpdigital.ro\/brutarie\/wp-json\/wp\/v2\/media\/11618"}],"wp:attachment":[{"href":"https:\/\/wpdigital.ro\/brutarie\/wp-json\/wp\/v2\/media?parent=11617"}],"wp:term":[{"taxonomy":"product_cat","embeddable":true,"href":"https:\/\/wpdigital.ro\/brutarie\/wp-json\/wp\/v2\/product_cat?post=11617"},{"taxonomy":"product_tag","embeddable":true,"href":"https:\/\/wpdigital.ro\/brutarie\/wp-json\/wp\/v2\/product_tag?post=11617"}],"curies":[{"name":"wp","href":"https:\/\/api.w.org\/{rel}","templated":true}]}}