{"id":11587,"date":"2021-11-11T14:17:21","date_gmt":"2021-11-11T14:17:21","guid":{"rendered":"https:\/\/wpdigital.ro\/brutarie\/product\/supliment-alimentar-aspirina-organica-120-capsule-vegetale\/"},"modified":"2021-11-11T14:17:25","modified_gmt":"2021-11-11T14:17:25","slug":"supliment-alimentar-aspirina-organica-120-capsule-vegetale","status":"publish","type":"product","link":"https:\/\/wpdigital.ro\/brutarie\/product\/supliment-alimentar-aspirina-organica-120-capsule-vegetale\/","title":{"rendered":"Supliment Alimentar Aspirina Organica 120 Capsule Vegetale"},"content":{"rendered":"<p>&nbsp;   Reduce febra \u015fi durerea, reduce inflama\u0163iile generale \u015fi articulare, reduce nevralgiile, calmant natural. Formula Aspirinei Organice, compus\u0103 prin al\u0103turarea coajei de Salcie, poten\u021beaz\u0103 efectul salicila\u021bilor, are ac\u021biune imunostimulent\u0103&#8230;<\/p>\n","protected":false},"excerpt":{"rendered":"<p>&nbsp; Reduce febra \u015fi durerea, reduce inflama\u0163iile generale \u015fi articulare, reduce nevralgiile, calmant natural. Formula Aspirinei Organice, compus\u0103 prin al\u0103turarea<\/p>\n","protected":false},"featured_media":11588,"comment_status":"closed","ping_status":"open","template":"","meta":[],"product_cat":[80],"product_tag":[],"_links":{"self":[{"href":"https:\/\/wpdigital.ro\/brutarie\/wp-json\/wp\/v2\/product\/11587"}],"collection":[{"href":"https:\/\/wpdigital.ro\/brutarie\/wp-json\/wp\/v2\/product"}],"about":[{"href":"https:\/\/wpdigital.ro\/brutarie\/wp-json\/wp\/v2\/types\/product"}],"replies":[{"embeddable":true,"href":"https:\/\/wpdigital.ro\/brutarie\/wp-json\/wp\/v2\/comments?post=11587"}],"wp:featuredmedia":[{"embeddable":true,"href":"https:\/\/wpdigital.ro\/brutarie\/wp-json\/wp\/v2\/media\/11588"}],"wp:attachment":[{"href":"https:\/\/wpdigital.ro\/brutarie\/wp-json\/wp\/v2\/media?parent=11587"}],"wp:term":[{"taxonomy":"product_cat","embeddable":true,"href":"https:\/\/wpdigital.ro\/brutarie\/wp-json\/wp\/v2\/product_cat?post=11587"},{"taxonomy":"product_tag","embeddable":true,"href":"https:\/\/wpdigital.ro\/brutarie\/wp-json\/wp\/v2\/product_tag?post=11587"}],"curies":[{"name":"wp","href":"https:\/\/api.w.org\/{rel}","templated":true}]}}