{"id":11581,"date":"2021-11-11T14:17:21","date_gmt":"2021-11-11T14:17:21","guid":{"rendered":"https:\/\/wpdigital.ro\/brutarie\/product\/supliment-alimentar-chlorella-30-capsule\/"},"modified":"2021-11-11T14:17:21","modified_gmt":"2021-11-11T14:17:21","slug":"supliment-alimentar-chlorella-30-capsule","status":"publish","type":"product","link":"https:\/\/wpdigital.ro\/brutarie\/product\/supliment-alimentar-chlorella-30-capsule\/","title":{"rendered":"Supliment Alimentar Chlorella 30 Capsule"},"content":{"rendered":"<p>&nbsp;   Stimuleaz\u0103 sistemul imunitar prin producerea de interferon, elimin\u0103 metalele grele, detoxific\u0103 organismul, radioprotector, antioxidant.  Chlorella&nbsp;este o alg\u0103 verde-albastr\u0103, unicelular\u0103, ce cre\u0219te \u00een apele dulci \u0219i con\u021bine cea mai&#8230;<\/p>\n","protected":false},"excerpt":{"rendered":"<p>&nbsp; Stimuleaz\u0103 sistemul imunitar prin producerea de interferon, elimin\u0103 metalele grele, detoxific\u0103 organismul, radioprotector, antioxidant. Chlorella&nbsp;este o alg\u0103 verde-albastr\u0103, unicelular\u0103,<\/p>\n","protected":false},"featured_media":11582,"comment_status":"closed","ping_status":"open","template":"","meta":[],"product_cat":[80],"product_tag":[],"_links":{"self":[{"href":"https:\/\/wpdigital.ro\/brutarie\/wp-json\/wp\/v2\/product\/11581"}],"collection":[{"href":"https:\/\/wpdigital.ro\/brutarie\/wp-json\/wp\/v2\/product"}],"about":[{"href":"https:\/\/wpdigital.ro\/brutarie\/wp-json\/wp\/v2\/types\/product"}],"replies":[{"embeddable":true,"href":"https:\/\/wpdigital.ro\/brutarie\/wp-json\/wp\/v2\/comments?post=11581"}],"wp:featuredmedia":[{"embeddable":true,"href":"https:\/\/wpdigital.ro\/brutarie\/wp-json\/wp\/v2\/media\/11582"}],"wp:attachment":[{"href":"https:\/\/wpdigital.ro\/brutarie\/wp-json\/wp\/v2\/media?parent=11581"}],"wp:term":[{"taxonomy":"product_cat","embeddable":true,"href":"https:\/\/wpdigital.ro\/brutarie\/wp-json\/wp\/v2\/product_cat?post=11581"},{"taxonomy":"product_tag","embeddable":true,"href":"https:\/\/wpdigital.ro\/brutarie\/wp-json\/wp\/v2\/product_tag?post=11581"}],"curies":[{"name":"wp","href":"https:\/\/api.w.org\/{rel}","templated":true}]}}