{"id":11577,"date":"2021-11-11T14:16:56","date_gmt":"2021-11-11T14:16:56","guid":{"rendered":"https:\/\/wpdigital.ro\/brutarie\/product\/supliment-alimentar-devirox-60-capsule-vegetale\/"},"modified":"2021-11-11T14:17:19","modified_gmt":"2021-11-11T14:17:19","slug":"supliment-alimentar-devirox-60-capsule-vegetale","status":"publish","type":"product","link":"https:\/\/wpdigital.ro\/brutarie\/product\/supliment-alimentar-devirox-60-capsule-vegetale\/","title":{"rendered":"Supliment Alimentar Devirox 60 Capsule Vegetale"},"content":{"rendered":"<p>&nbsp; &nbsp;   Devirox are o formula unica si complexa cu 12 extracte naturale intense, vitamine \u0219i minerale organice \u00eentr-o formul\u0103 dedicat\u0103 elimin\u0103rii virusurilor, fortific\u0103rii sistemului imunitar \u0219i protec\u021biei sistemului respirator. Sistemul&#8230;<\/p>\n","protected":false},"excerpt":{"rendered":"<p>&nbsp; &nbsp; Devirox are o formula unica si complexa cu 12 extracte naturale intense, vitamine \u0219i minerale organice \u00eentr-o formul\u0103<\/p>\n","protected":false},"featured_media":11578,"comment_status":"closed","ping_status":"open","template":"","meta":[],"product_cat":[80],"product_tag":[],"_links":{"self":[{"href":"https:\/\/wpdigital.ro\/brutarie\/wp-json\/wp\/v2\/product\/11577"}],"collection":[{"href":"https:\/\/wpdigital.ro\/brutarie\/wp-json\/wp\/v2\/product"}],"about":[{"href":"https:\/\/wpdigital.ro\/brutarie\/wp-json\/wp\/v2\/types\/product"}],"replies":[{"embeddable":true,"href":"https:\/\/wpdigital.ro\/brutarie\/wp-json\/wp\/v2\/comments?post=11577"}],"wp:featuredmedia":[{"embeddable":true,"href":"https:\/\/wpdigital.ro\/brutarie\/wp-json\/wp\/v2\/media\/11578"}],"wp:attachment":[{"href":"https:\/\/wpdigital.ro\/brutarie\/wp-json\/wp\/v2\/media?parent=11577"}],"wp:term":[{"taxonomy":"product_cat","embeddable":true,"href":"https:\/\/wpdigital.ro\/brutarie\/wp-json\/wp\/v2\/product_cat?post=11577"},{"taxonomy":"product_tag","embeddable":true,"href":"https:\/\/wpdigital.ro\/brutarie\/wp-json\/wp\/v2\/product_tag?post=11577"}],"curies":[{"name":"wp","href":"https:\/\/api.w.org\/{rel}","templated":true}]}}