{"id":11557,"date":"2021-11-11T14:16:56","date_gmt":"2021-11-11T14:16:56","guid":{"rendered":"https:\/\/wpdigital.ro\/brutarie\/product\/limonada-cu-strugure-1-litru\/"},"modified":"2021-11-11T14:17:08","modified_gmt":"2021-11-11T14:17:08","slug":"limonada-cu-strugure-1-litru","status":"publish","type":"product","link":"https:\/\/wpdigital.ro\/brutarie\/product\/limonada-cu-strugure-1-litru\/","title":{"rendered":"Limonada cu strugure 1 Litru"},"content":{"rendered":"<p>&nbsp; &nbsp; O combina\u021bie atipic\u0103, pe care nu o g\u0103si\u021bi chiar la orice pas, dar la noi sigur da. Strugurele zemos, cules direct din vie, danseaz\u0103 cu l\u0103m\u00e2ia spaniol\u0103 din Murcia mai ceva dec\u00e2t Al Pacino celebrul tango. &nbsp;  Am reinventat, astfel,&#8230;<\/p>\n","protected":false},"excerpt":{"rendered":"<p>&nbsp; &nbsp; O combina\u021bie atipic\u0103, pe care nu o g\u0103si\u021bi chiar la orice pas, dar la noi sigur da. Strugurele<\/p>\n","protected":false},"featured_media":11558,"comment_status":"closed","ping_status":"open","template":"","meta":[],"product_cat":[80],"product_tag":[],"_links":{"self":[{"href":"https:\/\/wpdigital.ro\/brutarie\/wp-json\/wp\/v2\/product\/11557"}],"collection":[{"href":"https:\/\/wpdigital.ro\/brutarie\/wp-json\/wp\/v2\/product"}],"about":[{"href":"https:\/\/wpdigital.ro\/brutarie\/wp-json\/wp\/v2\/types\/product"}],"replies":[{"embeddable":true,"href":"https:\/\/wpdigital.ro\/brutarie\/wp-json\/wp\/v2\/comments?post=11557"}],"wp:featuredmedia":[{"embeddable":true,"href":"https:\/\/wpdigital.ro\/brutarie\/wp-json\/wp\/v2\/media\/11558"}],"wp:attachment":[{"href":"https:\/\/wpdigital.ro\/brutarie\/wp-json\/wp\/v2\/media?parent=11557"}],"wp:term":[{"taxonomy":"product_cat","embeddable":true,"href":"https:\/\/wpdigital.ro\/brutarie\/wp-json\/wp\/v2\/product_cat?post=11557"},{"taxonomy":"product_tag","embeddable":true,"href":"https:\/\/wpdigital.ro\/brutarie\/wp-json\/wp\/v2\/product_tag?post=11557"}],"curies":[{"name":"wp","href":"https:\/\/api.w.org\/{rel}","templated":true}]}}