{"id":11551,"date":"2021-11-11T14:16:56","date_gmt":"2021-11-11T14:16:56","guid":{"rendered":"https:\/\/wpdigital.ro\/brutarie\/product\/limonada-cu-mure-1-litru\/"},"modified":"2021-11-11T14:17:04","modified_gmt":"2021-11-11T14:17:04","slug":"limonada-cu-mure-1-litru","status":"publish","type":"product","link":"https:\/\/wpdigital.ro\/brutarie\/product\/limonada-cu-mure-1-litru\/","title":{"rendered":"Limonada cu mure 1 Litru"},"content":{"rendered":"<p>&nbsp; &nbsp;  L\u0103m\u00e2ile de Murcia, murele, apa filtrat\u0103 \u0219i siropul de agave primesc \u00een grupul lor un nou prieten: fructul de aronia. L\u0103m\u00e2ile, murele \u0219i fructele de aronia nu formeaz\u0103 doar un trio delicios, dar transform\u0103 acest sortiment natural de&#8230;<\/p>\n","protected":false},"excerpt":{"rendered":"<p>&nbsp; &nbsp; L\u0103m\u00e2ile de Murcia, murele, apa filtrat\u0103 \u0219i siropul de agave primesc \u00een grupul lor un nou prieten: fructul<\/p>\n","protected":false},"featured_media":11552,"comment_status":"closed","ping_status":"open","template":"","meta":[],"product_cat":[80],"product_tag":[],"_links":{"self":[{"href":"https:\/\/wpdigital.ro\/brutarie\/wp-json\/wp\/v2\/product\/11551"}],"collection":[{"href":"https:\/\/wpdigital.ro\/brutarie\/wp-json\/wp\/v2\/product"}],"about":[{"href":"https:\/\/wpdigital.ro\/brutarie\/wp-json\/wp\/v2\/types\/product"}],"replies":[{"embeddable":true,"href":"https:\/\/wpdigital.ro\/brutarie\/wp-json\/wp\/v2\/comments?post=11551"}],"wp:featuredmedia":[{"embeddable":true,"href":"https:\/\/wpdigital.ro\/brutarie\/wp-json\/wp\/v2\/media\/11552"}],"wp:attachment":[{"href":"https:\/\/wpdigital.ro\/brutarie\/wp-json\/wp\/v2\/media?parent=11551"}],"wp:term":[{"taxonomy":"product_cat","embeddable":true,"href":"https:\/\/wpdigital.ro\/brutarie\/wp-json\/wp\/v2\/product_cat?post=11551"},{"taxonomy":"product_tag","embeddable":true,"href":"https:\/\/wpdigital.ro\/brutarie\/wp-json\/wp\/v2\/product_tag?post=11551"}],"curies":[{"name":"wp","href":"https:\/\/api.w.org\/{rel}","templated":true}]}}