{"id":11477,"date":"2021-11-11T14:16:12","date_gmt":"2021-11-11T14:16:12","guid":{"rendered":"https:\/\/wpdigital.ro\/brutarie\/product\/frunze-de-dafin-bio-5g\/"},"modified":"2021-11-11T14:16:19","modified_gmt":"2021-11-11T14:16:19","slug":"frunze-de-dafin-bio-5g","status":"publish","type":"product","link":"https:\/\/wpdigital.ro\/brutarie\/product\/frunze-de-dafin-bio-5g\/","title":{"rendered":"Frunze de dafin Bio 5g"},"content":{"rendered":"<p>&nbsp; Frunzele de dafin bio Lebensbaum \u00eesi dezvolta o aroma intensa foarte \u00eencet. Acestea \u00eencoroneaza nu numai campioni olimpici, ci tocanite si fripturi, care pot fi gatite de-a lungul timpului. Folositi frunzele nobile cumpatat si scoateti-le&#8230;<\/p>\n","protected":false},"excerpt":{"rendered":"<p>&nbsp; Frunzele de dafin bio Lebensbaum \u00eesi dezvolta o aroma intensa foarte \u00eencet. Acestea \u00eencoroneaza nu numai campioni olimpici, ci<\/p>\n","protected":false},"featured_media":11478,"comment_status":"closed","ping_status":"open","template":"","meta":[],"product_cat":[80],"product_tag":[],"_links":{"self":[{"href":"https:\/\/wpdigital.ro\/brutarie\/wp-json\/wp\/v2\/product\/11477"}],"collection":[{"href":"https:\/\/wpdigital.ro\/brutarie\/wp-json\/wp\/v2\/product"}],"about":[{"href":"https:\/\/wpdigital.ro\/brutarie\/wp-json\/wp\/v2\/types\/product"}],"replies":[{"embeddable":true,"href":"https:\/\/wpdigital.ro\/brutarie\/wp-json\/wp\/v2\/comments?post=11477"}],"wp:featuredmedia":[{"embeddable":true,"href":"https:\/\/wpdigital.ro\/brutarie\/wp-json\/wp\/v2\/media\/11478"}],"wp:attachment":[{"href":"https:\/\/wpdigital.ro\/brutarie\/wp-json\/wp\/v2\/media?parent=11477"}],"wp:term":[{"taxonomy":"product_cat","embeddable":true,"href":"https:\/\/wpdigital.ro\/brutarie\/wp-json\/wp\/v2\/product_cat?post=11477"},{"taxonomy":"product_tag","embeddable":true,"href":"https:\/\/wpdigital.ro\/brutarie\/wp-json\/wp\/v2\/product_tag?post=11477"}],"curies":[{"name":"wp","href":"https:\/\/api.w.org\/{rel}","templated":true}]}}